{"id":501,"date":"2023-03-08T02:30:26","date_gmt":"2023-03-08T07:30:26","guid":{"rendered":"https:\/\/www.legacyfundenvironmental.org\/rapports-annuels\/"},"modified":"2025-12-29T12:23:08","modified_gmt":"2025-12-29T17:23:08","slug":"rapports-annuels","status":"publish","type":"page","link":"https:\/\/www.legacyfundenvironmental.org\/fr\/rapports-annuels\/","title":{"rendered":"Rapports annuels"},"content":{"rendered":"","protected":false},"excerpt":{"rendered":"","protected":false},"author":1,"featured_media":0,"parent":0,"menu_order":0,"comment_status":"closed","ping_status":"closed","template":"","meta":{"footnotes":""},"class_list":["post-501","page","type-page","status-publish","hentry"],"yoast_head":"<!-- This site is optimized with the Yoast SEO plugin v27.4 - https:\/\/yoast.com\/product\/yoast-seo-wordpress\/ -->\n<title>Rapports annuels | Le Fonds d&#039;h\u00e9ritage pour l&#039;environnement<\/title>\n<meta name=\"description\" content=\"Explorez nos rapports annuels 2022-2023 et 2023-2024 pour voir les cas que nous avons financ\u00e9s, notre impact, notre gouvernance, notre strat\u00e9gie de collecte de fonds et bien plus encore. Restez inform\u00e9 de notre travail et de nos avanc\u00e9es !\" \/>\n<meta name=\"robots\" content=\"index, follow, max-snippet:-1, max-image-preview:large, max-video-preview:-1\" \/>\n<link rel=\"canonical\" href=\"https:\/\/www.legacyfundenvironmental.org\/fr\/rapports-annuels\/\" \/>\n<meta property=\"og:locale\" content=\"fr_FR\" \/>\n<meta property=\"og:type\" content=\"article\" \/>\n<meta property=\"og:title\" content=\"Rapports annuels | Le Fonds d&#039;h\u00e9ritage pour l&#039;environnement\" \/>\n<meta property=\"og:description\" content=\"Explorez nos rapports annuels 2022-2023 et 2023-2024 pour voir les cas que nous avons financ\u00e9s, notre impact, notre gouvernance, notre strat\u00e9gie de collecte de fonds et bien plus encore. Restez inform\u00e9 de notre travail et de nos avanc\u00e9es !\" \/>\n<meta property=\"og:url\" content=\"https:\/\/www.legacyfundenvironmental.org\/fr\/rapports-annuels\/\" \/>\n<meta property=\"og:site_name\" content=\"Le Fonds d&#039;h\u00e9ritage pour l&#039;environnement\" \/>\n<meta property=\"article:publisher\" content=\"https:\/\/www.facebook.com\/FHPEnvironnement\/\" \/>\n<meta property=\"article:modified_time\" content=\"2025-12-29T17:23:08+00:00\" \/>\n<meta property=\"og:image\" content=\"https:\/\/www.legacyfundenvironmental.org\/wp-content\/uploads\/2023\/03\/Logo-Legacy-Fund-for-the-Environment_1200px.png\" \/>\n\t<meta property=\"og:image:width\" content=\"1200\" \/>\n\t<meta property=\"og:image:height\" content=\"605\" \/>\n\t<meta property=\"og:image:type\" content=\"image\/png\" \/>\n<meta name=\"twitter:card\" content=\"summary_large_image\" \/>\n<meta name=\"twitter:site\" content=\"@Legacyfundenv\" \/>\n<meta name=\"twitter:label1\" content=\"Dur\u00e9e de lecture estim\u00e9e\" \/>\n\t<meta name=\"twitter:data1\" content=\"1 minute\" \/>\n<script type=\"application\/ld+json\" class=\"yoast-schema-graph\">{\"@context\":\"https:\\\/\\\/schema.org\",\"@graph\":[{\"@type\":\"WebPage\",\"@id\":\"https:\\\/\\\/www.legacyfundenvironmental.org\\\/fr\\\/rapports-annuels\\\/\",\"url\":\"https:\\\/\\\/www.legacyfundenvironmental.org\\\/fr\\\/rapports-annuels\\\/\",\"name\":\"Rapports annuels | Le Fonds d'h\u00e9ritage pour l'environnement\",\"isPartOf\":{\"@id\":\"https:\\\/\\\/www.legacyfundenvironmental.org\\\/fr\\\/#website\"},\"datePublished\":\"2023-03-08T07:30:26+00:00\",\"dateModified\":\"2025-12-29T17:23:08+00:00\",\"description\":\"Explorez nos rapports annuels 2022-2023 et 2023-2024 pour voir les cas que nous avons financ\u00e9s, notre impact, notre gouvernance, notre strat\u00e9gie de collecte de fonds et bien plus encore. Restez inform\u00e9 de notre travail et de nos avanc\u00e9es !\",\"breadcrumb\":{\"@id\":\"https:\\\/\\\/www.legacyfundenvironmental.org\\\/fr\\\/rapports-annuels\\\/#breadcrumb\"},\"inLanguage\":\"fr-FR\",\"potentialAction\":[{\"@type\":\"ReadAction\",\"target\":[\"https:\\\/\\\/www.legacyfundenvironmental.org\\\/fr\\\/rapports-annuels\\\/\"]}]},{\"@type\":\"BreadcrumbList\",\"@id\":\"https:\\\/\\\/www.legacyfundenvironmental.org\\\/fr\\\/rapports-annuels\\\/#breadcrumb\",\"itemListElement\":[{\"@type\":\"ListItem\",\"position\":1,\"name\":\"Home\",\"item\":\"https:\\\/\\\/www.legacyfundenvironmental.org\\\/fr\\\/\"},{\"@type\":\"ListItem\",\"position\":2,\"name\":\"Rapports annuels\"}]},{\"@type\":\"WebSite\",\"@id\":\"https:\\\/\\\/www.legacyfundenvironmental.org\\\/fr\\\/#website\",\"url\":\"https:\\\/\\\/www.legacyfundenvironmental.org\\\/fr\\\/\",\"name\":\"Le Fonds d'h\u00e9ritage pour l'environnement\",\"description\":\"\",\"publisher\":{\"@id\":\"https:\\\/\\\/www.legacyfundenvironmental.org\\\/fr\\\/#organization\"},\"potentialAction\":[{\"@type\":\"SearchAction\",\"target\":{\"@type\":\"EntryPoint\",\"urlTemplate\":\"https:\\\/\\\/www.legacyfundenvironmental.org\\\/fr\\\/?s={search_term_string}\"},\"query-input\":{\"@type\":\"PropertyValueSpecification\",\"valueRequired\":true,\"valueName\":\"search_term_string\"}}],\"inLanguage\":\"fr-FR\"},{\"@type\":\"Organization\",\"@id\":\"https:\\\/\\\/www.legacyfundenvironmental.org\\\/fr\\\/#organization\",\"name\":\"Le Fonds d'h\u00e9ritage pour l'environnement\",\"url\":\"https:\\\/\\\/www.legacyfundenvironmental.org\\\/fr\\\/\",\"logo\":{\"@type\":\"ImageObject\",\"inLanguage\":\"fr-FR\",\"@id\":\"https:\\\/\\\/www.legacyfundenvironmental.org\\\/fr\\\/#\\\/schema\\\/logo\\\/image\\\/\",\"url\":\"https:\\\/\\\/www.legacyfundenvironmental.org\\\/wp-content\\\/uploads\\\/2023\\\/03\\\/logo-LFE-2-hor-tagline-9.png\",\"contentUrl\":\"https:\\\/\\\/www.legacyfundenvironmental.org\\\/wp-content\\\/uploads\\\/2023\\\/03\\\/logo-LFE-2-hor-tagline-9.png\",\"width\":\"558\",\"height\":\"696\",\"caption\":\"Le Fonds d'h\u00e9ritage pour l'environnement\"},\"image\":{\"@id\":\"https:\\\/\\\/www.legacyfundenvironmental.org\\\/fr\\\/#\\\/schema\\\/logo\\\/image\\\/\"},\"sameAs\":[\"https:\\\/\\\/www.facebook.com\\\/FHPEnvironnement\\\/\",\"https:\\\/\\\/x.com\\\/Legacyfundenv\",\"https:\\\/\\\/www.linkedin.com\\\/company\\\/legacy-fund-for-the-environment\\\/\",\"https:\\\/\\\/www.instagram.com\\\/legacyfund.enviro\\\/\"]}]}<\/script>\n<!-- \/ Yoast SEO plugin. -->","yoast_head_json":{"title":"Rapports annuels | Le Fonds d'h\u00e9ritage pour l'environnement","description":"Explorez nos rapports annuels 2022-2023 et 2023-2024 pour voir les cas que nous avons financ\u00e9s, notre impact, notre gouvernance, notre strat\u00e9gie de collecte de fonds et bien plus encore. Restez inform\u00e9 de notre travail et de nos avanc\u00e9es !","robots":{"index":"index","follow":"follow","max-snippet":"max-snippet:-1","max-image-preview":"max-image-preview:large","max-video-preview":"max-video-preview:-1"},"canonical":"https:\/\/www.legacyfundenvironmental.org\/fr\/rapports-annuels\/","og_locale":"fr_FR","og_type":"article","og_title":"Rapports annuels | Le Fonds d'h\u00e9ritage pour l'environnement","og_description":"Explorez nos rapports annuels 2022-2023 et 2023-2024 pour voir les cas que nous avons financ\u00e9s, notre impact, notre gouvernance, notre strat\u00e9gie de collecte de fonds et bien plus encore. Restez inform\u00e9 de notre travail et de nos avanc\u00e9es !","og_url":"https:\/\/www.legacyfundenvironmental.org\/fr\/rapports-annuels\/","og_site_name":"Le Fonds d'h\u00e9ritage pour l'environnement","article_publisher":"https:\/\/www.facebook.com\/FHPEnvironnement\/","article_modified_time":"2025-12-29T17:23:08+00:00","og_image":[{"width":1200,"height":605,"url":"https:\/\/www.legacyfundenvironmental.org\/wp-content\/uploads\/2023\/03\/Logo-Legacy-Fund-for-the-Environment_1200px.png","type":"image\/png"}],"twitter_card":"summary_large_image","twitter_site":"@Legacyfundenv","twitter_misc":{"Dur\u00e9e de lecture estim\u00e9e":"1 minute"},"schema":{"@context":"https:\/\/schema.org","@graph":[{"@type":"WebPage","@id":"https:\/\/www.legacyfundenvironmental.org\/fr\/rapports-annuels\/","url":"https:\/\/www.legacyfundenvironmental.org\/fr\/rapports-annuels\/","name":"Rapports annuels | Le Fonds d'h\u00e9ritage pour l'environnement","isPartOf":{"@id":"https:\/\/www.legacyfundenvironmental.org\/fr\/#website"},"datePublished":"2023-03-08T07:30:26+00:00","dateModified":"2025-12-29T17:23:08+00:00","description":"Explorez nos rapports annuels 2022-2023 et 2023-2024 pour voir les cas que nous avons financ\u00e9s, notre impact, notre gouvernance, notre strat\u00e9gie de collecte de fonds et bien plus encore. Restez inform\u00e9 de notre travail et de nos avanc\u00e9es !","breadcrumb":{"@id":"https:\/\/www.legacyfundenvironmental.org\/fr\/rapports-annuels\/#breadcrumb"},"inLanguage":"fr-FR","potentialAction":[{"@type":"ReadAction","target":["https:\/\/www.legacyfundenvironmental.org\/fr\/rapports-annuels\/"]}]},{"@type":"BreadcrumbList","@id":"https:\/\/www.legacyfundenvironmental.org\/fr\/rapports-annuels\/#breadcrumb","itemListElement":[{"@type":"ListItem","position":1,"name":"Home","item":"https:\/\/www.legacyfundenvironmental.org\/fr\/"},{"@type":"ListItem","position":2,"name":"Rapports annuels"}]},{"@type":"WebSite","@id":"https:\/\/www.legacyfundenvironmental.org\/fr\/#website","url":"https:\/\/www.legacyfundenvironmental.org\/fr\/","name":"Le Fonds d'h\u00e9ritage pour l'environnement","description":"","publisher":{"@id":"https:\/\/www.legacyfundenvironmental.org\/fr\/#organization"},"potentialAction":[{"@type":"SearchAction","target":{"@type":"EntryPoint","urlTemplate":"https:\/\/www.legacyfundenvironmental.org\/fr\/?s={search_term_string}"},"query-input":{"@type":"PropertyValueSpecification","valueRequired":true,"valueName":"search_term_string"}}],"inLanguage":"fr-FR"},{"@type":"Organization","@id":"https:\/\/www.legacyfundenvironmental.org\/fr\/#organization","name":"Le Fonds d'h\u00e9ritage pour l'environnement","url":"https:\/\/www.legacyfundenvironmental.org\/fr\/","logo":{"@type":"ImageObject","inLanguage":"fr-FR","@id":"https:\/\/www.legacyfundenvironmental.org\/fr\/#\/schema\/logo\/image\/","url":"https:\/\/www.legacyfundenvironmental.org\/wp-content\/uploads\/2023\/03\/logo-LFE-2-hor-tagline-9.png","contentUrl":"https:\/\/www.legacyfundenvironmental.org\/wp-content\/uploads\/2023\/03\/logo-LFE-2-hor-tagline-9.png","width":"558","height":"696","caption":"Le Fonds d'h\u00e9ritage pour l'environnement"},"image":{"@id":"https:\/\/www.legacyfundenvironmental.org\/fr\/#\/schema\/logo\/image\/"},"sameAs":["https:\/\/www.facebook.com\/FHPEnvironnement\/","https:\/\/x.com\/Legacyfundenv","https:\/\/www.linkedin.com\/company\/legacy-fund-for-the-environment\/","https:\/\/www.instagram.com\/legacyfund.enviro\/"]}]}},"_links":{"self":[{"href":"https:\/\/www.legacyfundenvironmental.org\/fr\/wp-json\/wp\/v2\/pages\/501","targetHints":{"allow":["GET"]}}],"collection":[{"href":"https:\/\/www.legacyfundenvironmental.org\/fr\/wp-json\/wp\/v2\/pages"}],"about":[{"href":"https:\/\/www.legacyfundenvironmental.org\/fr\/wp-json\/wp\/v2\/types\/page"}],"author":[{"embeddable":true,"href":"https:\/\/www.legacyfundenvironmental.org\/fr\/wp-json\/wp\/v2\/users\/1"}],"replies":[{"embeddable":true,"href":"https:\/\/www.legacyfundenvironmental.org\/fr\/wp-json\/wp\/v2\/comments?post=501"}],"version-history":[{"count":3,"href":"https:\/\/www.legacyfundenvironmental.org\/fr\/wp-json\/wp\/v2\/pages\/501\/revisions"}],"predecessor-version":[{"id":1265,"href":"https:\/\/www.legacyfundenvironmental.org\/fr\/wp-json\/wp\/v2\/pages\/501\/revisions\/1265"}],"wp:attachment":[{"href":"https:\/\/www.legacyfundenvironmental.org\/fr\/wp-json\/wp\/v2\/media?parent=501"}],"curies":[{"name":"wp","href":"https:\/\/api.w.org\/{rel}","templated":true}]}}