{"id":1803,"date":"2025-07-30T14:30:20","date_gmt":"2025-07-30T18:30:20","guid":{"rendered":"https:\/\/www.legacyfundenvironmental.org\/?page_id=1803"},"modified":"2026-02-03T16:29:44","modified_gmt":"2026-02-03T21:29:44","slug":"conseil-dadministration","status":"publish","type":"page","link":"https:\/\/www.legacyfundenvironmental.org\/fr\/le-fonds-dheritage\/conseil-dadministration\/","title":{"rendered":"Conseil d&rsquo;administration"},"content":{"rendered":"","protected":false},"excerpt":{"rendered":"","protected":false},"author":4,"featured_media":0,"parent":513,"menu_order":0,"comment_status":"closed","ping_status":"closed","template":"","meta":{"footnotes":""},"class_list":["post-1803","page","type-page","status-publish","hentry"],"yoast_head":"<!-- This site is optimized with the Yoast SEO plugin v27.4 - https:\/\/yoast.com\/product\/yoast-seo-wordpress\/ -->\n<title>Organisme caritatif qu\u00e9b\u00e9cois de protection de l&#039;environnement - Fonds d&#039;h\u00e9ritage pour l&#039;environnement<\/title>\n<meta name=\"description\" content=\"Nous sommes une organisation caritative environnementale bas\u00e9e au Qu\u00e9bec qui s&#039;associe \u00e0 des groupes de citoyens pour intenter des actions en justice afin de d\u00e9fendre l&#039;environnement.\" \/>\n<meta name=\"robots\" content=\"index, follow, max-snippet:-1, max-image-preview:large, max-video-preview:-1\" \/>\n<link rel=\"canonical\" href=\"https:\/\/www.legacyfundenvironmental.org\/fr\/le-fonds-dheritage\/conseil-dadministration\/\" \/>\n<meta property=\"og:locale\" content=\"fr_FR\" \/>\n<meta property=\"og:type\" content=\"article\" \/>\n<meta property=\"og:title\" content=\"Organisme environnement Qu\u00e9bec | Fonds d&#039;h\u00e9ritage pour l&#039;environnement\" \/>\n<meta property=\"og:description\" content=\"Nous sommes une institution environnementale qu\u00e9b\u00e9coise qui s&#039;associe \u00e0 des groupes de citoyens pour mener des actions en justice afin de d\u00e9fendre l&#039;environnement. Voir nos cas financ\u00e9s\" \/>\n<meta property=\"og:url\" content=\"https:\/\/www.legacyfundenvironmental.org\/fr\/le-fonds-dheritage\/conseil-dadministration\/\" \/>\n<meta property=\"og:site_name\" content=\"Le Fonds d&#039;h\u00e9ritage pour l&#039;environnement\" \/>\n<meta property=\"article:publisher\" content=\"https:\/\/www.facebook.com\/FHPEnvironnement\/\" \/>\n<meta property=\"article:modified_time\" content=\"2026-02-03T21:29:44+00:00\" \/>\n<meta property=\"og:image\" content=\"https:\/\/www.legacyfundenvironmental.org\/wp-content\/uploads\/2024\/03\/2-1024x538.jpg\" \/>\n<meta name=\"twitter:card\" content=\"summary_large_image\" \/>\n<meta name=\"twitter:site\" content=\"@Legacyfundenv\" \/>\n<meta name=\"twitter:label1\" content=\"Dur\u00e9e de lecture estim\u00e9e\" \/>\n\t<meta name=\"twitter:data1\" content=\"6 minutes\" \/>\n<script type=\"application\/ld+json\" class=\"yoast-schema-graph\">{\"@context\":\"https:\\\/\\\/schema.org\",\"@graph\":[{\"@type\":\"WebPage\",\"@id\":\"https:\\\/\\\/www.legacyfundenvironmental.org\\\/fr\\\/le-fonds-dheritage\\\/conseil-dadministration\\\/\",\"url\":\"https:\\\/\\\/www.legacyfundenvironmental.org\\\/fr\\\/le-fonds-dheritage\\\/conseil-dadministration\\\/\",\"name\":\"Organisme caritatif qu\u00e9b\u00e9cois de protection de l'environnement - Fonds d'h\u00e9ritage pour l'environnement\",\"isPartOf\":{\"@id\":\"https:\\\/\\\/www.legacyfundenvironmental.org\\\/fr\\\/#website\"},\"datePublished\":\"2025-07-30T18:30:20+00:00\",\"dateModified\":\"2026-02-03T21:29:44+00:00\",\"description\":\"Nous sommes une organisation caritative environnementale bas\u00e9e au Qu\u00e9bec qui s'associe \u00e0 des groupes de citoyens pour intenter des actions en justice afin de d\u00e9fendre l'environnement.\",\"breadcrumb\":{\"@id\":\"https:\\\/\\\/www.legacyfundenvironmental.org\\\/fr\\\/le-fonds-dheritage\\\/conseil-dadministration\\\/#breadcrumb\"},\"inLanguage\":\"fr-FR\",\"potentialAction\":[{\"@type\":\"ReadAction\",\"target\":[\"https:\\\/\\\/www.legacyfundenvironmental.org\\\/fr\\\/le-fonds-dheritage\\\/conseil-dadministration\\\/\"]}]},{\"@type\":\"BreadcrumbList\",\"@id\":\"https:\\\/\\\/www.legacyfundenvironmental.org\\\/fr\\\/le-fonds-dheritage\\\/conseil-dadministration\\\/#breadcrumb\",\"itemListElement\":[{\"@type\":\"ListItem\",\"position\":1,\"name\":\"Home\",\"item\":\"https:\\\/\\\/www.legacyfundenvironmental.org\\\/fr\\\/\"},{\"@type\":\"ListItem\",\"position\":2,\"name\":\"Qui sommes-nous\",\"item\":\"https:\\\/\\\/www.legacyfundenvironmental.org\\\/fr\\\/le-fonds-dheritage\\\/\"},{\"@type\":\"ListItem\",\"position\":3,\"name\":\"Conseil d&#8217;administration\"}]},{\"@type\":\"WebSite\",\"@id\":\"https:\\\/\\\/www.legacyfundenvironmental.org\\\/fr\\\/#website\",\"url\":\"https:\\\/\\\/www.legacyfundenvironmental.org\\\/fr\\\/\",\"name\":\"Le Fonds d'h\u00e9ritage pour l'environnement\",\"description\":\"\",\"publisher\":{\"@id\":\"https:\\\/\\\/www.legacyfundenvironmental.org\\\/fr\\\/#organization\"},\"potentialAction\":[{\"@type\":\"SearchAction\",\"target\":{\"@type\":\"EntryPoint\",\"urlTemplate\":\"https:\\\/\\\/www.legacyfundenvironmental.org\\\/fr\\\/?s={search_term_string}\"},\"query-input\":{\"@type\":\"PropertyValueSpecification\",\"valueRequired\":true,\"valueName\":\"search_term_string\"}}],\"inLanguage\":\"fr-FR\"},{\"@type\":\"Organization\",\"@id\":\"https:\\\/\\\/www.legacyfundenvironmental.org\\\/fr\\\/#organization\",\"name\":\"Le Fonds d'h\u00e9ritage pour l'environnement\",\"url\":\"https:\\\/\\\/www.legacyfundenvironmental.org\\\/fr\\\/\",\"logo\":{\"@type\":\"ImageObject\",\"inLanguage\":\"fr-FR\",\"@id\":\"https:\\\/\\\/www.legacyfundenvironmental.org\\\/fr\\\/#\\\/schema\\\/logo\\\/image\\\/\",\"url\":\"https:\\\/\\\/www.legacyfundenvironmental.org\\\/wp-content\\\/uploads\\\/2023\\\/03\\\/logo-LFE-2-hor-tagline-9.png\",\"contentUrl\":\"https:\\\/\\\/www.legacyfundenvironmental.org\\\/wp-content\\\/uploads\\\/2023\\\/03\\\/logo-LFE-2-hor-tagline-9.png\",\"width\":\"558\",\"height\":\"696\",\"caption\":\"Le Fonds d'h\u00e9ritage pour l'environnement\"},\"image\":{\"@id\":\"https:\\\/\\\/www.legacyfundenvironmental.org\\\/fr\\\/#\\\/schema\\\/logo\\\/image\\\/\"},\"sameAs\":[\"https:\\\/\\\/www.facebook.com\\\/FHPEnvironnement\\\/\",\"https:\\\/\\\/x.com\\\/Legacyfundenv\",\"https:\\\/\\\/www.linkedin.com\\\/company\\\/legacy-fund-for-the-environment\\\/\",\"https:\\\/\\\/www.instagram.com\\\/legacyfund.enviro\\\/\"]}]}<\/script>\n<!-- \/ Yoast SEO plugin. -->","yoast_head_json":{"title":"Organisme caritatif qu\u00e9b\u00e9cois de protection de l'environnement - Fonds d'h\u00e9ritage pour l'environnement","description":"Nous sommes une organisation caritative environnementale bas\u00e9e au Qu\u00e9bec qui s'associe \u00e0 des groupes de citoyens pour intenter des actions en justice afin de d\u00e9fendre l'environnement.","robots":{"index":"index","follow":"follow","max-snippet":"max-snippet:-1","max-image-preview":"max-image-preview:large","max-video-preview":"max-video-preview:-1"},"canonical":"https:\/\/www.legacyfundenvironmental.org\/fr\/le-fonds-dheritage\/conseil-dadministration\/","og_locale":"fr_FR","og_type":"article","og_title":"Organisme environnement Qu\u00e9bec | Fonds d'h\u00e9ritage pour l'environnement","og_description":"Nous sommes une institution environnementale qu\u00e9b\u00e9coise qui s'associe \u00e0 des groupes de citoyens pour mener des actions en justice afin de d\u00e9fendre l'environnement. Voir nos cas financ\u00e9s","og_url":"https:\/\/www.legacyfundenvironmental.org\/fr\/le-fonds-dheritage\/conseil-dadministration\/","og_site_name":"Le Fonds d'h\u00e9ritage pour l'environnement","article_publisher":"https:\/\/www.facebook.com\/FHPEnvironnement\/","article_modified_time":"2026-02-03T21:29:44+00:00","og_image":[{"url":"https:\/\/www.legacyfundenvironmental.org\/wp-content\/uploads\/2024\/03\/2-1024x538.jpg","type":"","width":"","height":""}],"twitter_card":"summary_large_image","twitter_site":"@Legacyfundenv","twitter_misc":{"Dur\u00e9e de lecture estim\u00e9e":"6 minutes"},"schema":{"@context":"https:\/\/schema.org","@graph":[{"@type":"WebPage","@id":"https:\/\/www.legacyfundenvironmental.org\/fr\/le-fonds-dheritage\/conseil-dadministration\/","url":"https:\/\/www.legacyfundenvironmental.org\/fr\/le-fonds-dheritage\/conseil-dadministration\/","name":"Organisme caritatif qu\u00e9b\u00e9cois de protection de l'environnement - Fonds d'h\u00e9ritage pour l'environnement","isPartOf":{"@id":"https:\/\/www.legacyfundenvironmental.org\/fr\/#website"},"datePublished":"2025-07-30T18:30:20+00:00","dateModified":"2026-02-03T21:29:44+00:00","description":"Nous sommes une organisation caritative environnementale bas\u00e9e au Qu\u00e9bec qui s'associe \u00e0 des groupes de citoyens pour intenter des actions en justice afin de d\u00e9fendre l'environnement.","breadcrumb":{"@id":"https:\/\/www.legacyfundenvironmental.org\/fr\/le-fonds-dheritage\/conseil-dadministration\/#breadcrumb"},"inLanguage":"fr-FR","potentialAction":[{"@type":"ReadAction","target":["https:\/\/www.legacyfundenvironmental.org\/fr\/le-fonds-dheritage\/conseil-dadministration\/"]}]},{"@type":"BreadcrumbList","@id":"https:\/\/www.legacyfundenvironmental.org\/fr\/le-fonds-dheritage\/conseil-dadministration\/#breadcrumb","itemListElement":[{"@type":"ListItem","position":1,"name":"Home","item":"https:\/\/www.legacyfundenvironmental.org\/fr\/"},{"@type":"ListItem","position":2,"name":"Qui sommes-nous","item":"https:\/\/www.legacyfundenvironmental.org\/fr\/le-fonds-dheritage\/"},{"@type":"ListItem","position":3,"name":"Conseil d&#8217;administration"}]},{"@type":"WebSite","@id":"https:\/\/www.legacyfundenvironmental.org\/fr\/#website","url":"https:\/\/www.legacyfundenvironmental.org\/fr\/","name":"Le Fonds d'h\u00e9ritage pour l'environnement","description":"","publisher":{"@id":"https:\/\/www.legacyfundenvironmental.org\/fr\/#organization"},"potentialAction":[{"@type":"SearchAction","target":{"@type":"EntryPoint","urlTemplate":"https:\/\/www.legacyfundenvironmental.org\/fr\/?s={search_term_string}"},"query-input":{"@type":"PropertyValueSpecification","valueRequired":true,"valueName":"search_term_string"}}],"inLanguage":"fr-FR"},{"@type":"Organization","@id":"https:\/\/www.legacyfundenvironmental.org\/fr\/#organization","name":"Le Fonds d'h\u00e9ritage pour l'environnement","url":"https:\/\/www.legacyfundenvironmental.org\/fr\/","logo":{"@type":"ImageObject","inLanguage":"fr-FR","@id":"https:\/\/www.legacyfundenvironmental.org\/fr\/#\/schema\/logo\/image\/","url":"https:\/\/www.legacyfundenvironmental.org\/wp-content\/uploads\/2023\/03\/logo-LFE-2-hor-tagline-9.png","contentUrl":"https:\/\/www.legacyfundenvironmental.org\/wp-content\/uploads\/2023\/03\/logo-LFE-2-hor-tagline-9.png","width":"558","height":"696","caption":"Le Fonds d'h\u00e9ritage pour l'environnement"},"image":{"@id":"https:\/\/www.legacyfundenvironmental.org\/fr\/#\/schema\/logo\/image\/"},"sameAs":["https:\/\/www.facebook.com\/FHPEnvironnement\/","https:\/\/x.com\/Legacyfundenv","https:\/\/www.linkedin.com\/company\/legacy-fund-for-the-environment\/","https:\/\/www.instagram.com\/legacyfund.enviro\/"]}]}},"_links":{"self":[{"href":"https:\/\/www.legacyfundenvironmental.org\/fr\/wp-json\/wp\/v2\/pages\/1803","targetHints":{"allow":["GET"]}}],"collection":[{"href":"https:\/\/www.legacyfundenvironmental.org\/fr\/wp-json\/wp\/v2\/pages"}],"about":[{"href":"https:\/\/www.legacyfundenvironmental.org\/fr\/wp-json\/wp\/v2\/types\/page"}],"author":[{"embeddable":true,"href":"https:\/\/www.legacyfundenvironmental.org\/fr\/wp-json\/wp\/v2\/users\/4"}],"replies":[{"embeddable":true,"href":"https:\/\/www.legacyfundenvironmental.org\/fr\/wp-json\/wp\/v2\/comments?post=1803"}],"version-history":[{"count":5,"href":"https:\/\/www.legacyfundenvironmental.org\/fr\/wp-json\/wp\/v2\/pages\/1803\/revisions"}],"predecessor-version":[{"id":2129,"href":"https:\/\/www.legacyfundenvironmental.org\/fr\/wp-json\/wp\/v2\/pages\/1803\/revisions\/2129"}],"up":[{"embeddable":true,"href":"https:\/\/www.legacyfundenvironmental.org\/fr\/wp-json\/wp\/v2\/pages\/513"}],"wp:attachment":[{"href":"https:\/\/www.legacyfundenvironmental.org\/fr\/wp-json\/wp\/v2\/media?parent=1803"}],"curies":[{"name":"wp","href":"https:\/\/api.w.org\/{rel}","templated":true}]}}