{"id":1224,"date":"2025-01-27T15:38:45","date_gmt":"2025-01-27T20:38:45","guid":{"rendered":"https:\/\/www.legacyfundenvironmental.org\/cookies-et-declaration-de-confidentialite\/"},"modified":"2025-01-27T15:38:45","modified_gmt":"2025-01-27T20:38:45","slug":"cookies-et-declaration-de-confidentialite","status":"publish","type":"page","link":"https:\/\/www.legacyfundenvironmental.org\/fr\/cookies-et-declaration-de-confidentialite\/","title":{"rendered":"Cookies et d\u00e9claration de confidentialit\u00e9"},"content":{"rendered":"","protected":false},"excerpt":{"rendered":"","protected":false},"author":2,"featured_media":0,"parent":0,"menu_order":0,"comment_status":"closed","ping_status":"closed","template":"","meta":{"footnotes":""},"class_list":["post-1224","page","type-page","status-publish","hentry"],"yoast_head":"<!-- This site is optimized with the Yoast SEO plugin v27.4 - https:\/\/yoast.com\/product\/yoast-seo-wordpress\/ -->\n<title>Cookies et d\u00e9claration de confidentialit\u00e9 | Fonds d&#039;h\u00e9ritage pour l&#039;environnement<\/title>\n<meta name=\"description\" content=\"D\u00e9couvrez les pratiques de confidentialit\u00e9 du Fonds d&#039;h\u00e9ritage pour l&#039;environnement. D\u00e9couvrez comment nous prot\u00e9geons vos informations personnelles et garantissons la transparence de notre engagement envers les initiatives environnementales.\" \/>\n<meta name=\"robots\" content=\"index, follow, max-snippet:-1, max-image-preview:large, max-video-preview:-1\" \/>\n<link rel=\"canonical\" href=\"https:\/\/www.legacyfundenvironmental.org\/fr\/cookies-et-declaration-de-confidentialite\/\" \/>\n<meta property=\"og:locale\" content=\"fr_FR\" \/>\n<meta property=\"og:type\" content=\"article\" \/>\n<meta property=\"og:title\" content=\"Cookies et d\u00e9claration de confidentialit\u00e9 | Fonds d&#039;h\u00e9ritage pour l&#039;environnement\" \/>\n<meta property=\"og:description\" content=\"D\u00e9couvrez les pratiques de confidentialit\u00e9 du Fonds d&#039;h\u00e9ritage pour l&#039;environnement. D\u00e9couvrez comment nous prot\u00e9geons vos informations personnelles et garantissons la transparence de notre engagement envers les initiatives environnementales.\" \/>\n<meta property=\"og:url\" content=\"https:\/\/www.legacyfundenvironmental.org\/fr\/cookies-et-declaration-de-confidentialite\/\" \/>\n<meta property=\"og:site_name\" content=\"Le Fonds d&#039;h\u00e9ritage pour l&#039;environnement\" \/>\n<meta property=\"article:publisher\" content=\"https:\/\/www.facebook.com\/FHPEnvironnement\/\" \/>\n<meta property=\"og:image\" content=\"https:\/\/www.legacyfundenvironmental.org\/wp-content\/uploads\/2023\/03\/Logo-Legacy-Fund-for-the-Environment_1200px.png\" \/>\n\t<meta property=\"og:image:width\" content=\"1200\" \/>\n\t<meta property=\"og:image:height\" content=\"605\" \/>\n\t<meta property=\"og:image:type\" content=\"image\/png\" \/>\n<meta name=\"twitter:card\" content=\"summary_large_image\" \/>\n<meta name=\"twitter:site\" content=\"@Legacyfundenv\" \/>\n<script type=\"application\/ld+json\" class=\"yoast-schema-graph\">{\"@context\":\"https:\\\/\\\/schema.org\",\"@graph\":[{\"@type\":\"WebPage\",\"@id\":\"https:\\\/\\\/www.legacyfundenvironmental.org\\\/fr\\\/cookies-et-declaration-de-confidentialite\\\/\",\"url\":\"https:\\\/\\\/www.legacyfundenvironmental.org\\\/fr\\\/cookies-et-declaration-de-confidentialite\\\/\",\"name\":\"Cookies et d\u00e9claration de confidentialit\u00e9 | Fonds d'h\u00e9ritage pour l'environnement\",\"isPartOf\":{\"@id\":\"https:\\\/\\\/www.legacyfundenvironmental.org\\\/fr\\\/#website\"},\"datePublished\":\"2025-01-27T20:38:45+00:00\",\"description\":\"D\u00e9couvrez les pratiques de confidentialit\u00e9 du Fonds d'h\u00e9ritage pour l'environnement. D\u00e9couvrez comment nous prot\u00e9geons vos informations personnelles et garantissons la transparence de notre engagement envers les initiatives environnementales.\",\"breadcrumb\":{\"@id\":\"https:\\\/\\\/www.legacyfundenvironmental.org\\\/fr\\\/cookies-et-declaration-de-confidentialite\\\/#breadcrumb\"},\"inLanguage\":\"fr-FR\",\"potentialAction\":[{\"@type\":\"ReadAction\",\"target\":[\"https:\\\/\\\/www.legacyfundenvironmental.org\\\/fr\\\/cookies-et-declaration-de-confidentialite\\\/\"]}]},{\"@type\":\"BreadcrumbList\",\"@id\":\"https:\\\/\\\/www.legacyfundenvironmental.org\\\/fr\\\/cookies-et-declaration-de-confidentialite\\\/#breadcrumb\",\"itemListElement\":[{\"@type\":\"ListItem\",\"position\":1,\"name\":\"Home\",\"item\":\"https:\\\/\\\/www.legacyfundenvironmental.org\\\/fr\\\/\"},{\"@type\":\"ListItem\",\"position\":2,\"name\":\"Cookies et d\u00e9claration de confidentialit\u00e9\"}]},{\"@type\":\"WebSite\",\"@id\":\"https:\\\/\\\/www.legacyfundenvironmental.org\\\/fr\\\/#website\",\"url\":\"https:\\\/\\\/www.legacyfundenvironmental.org\\\/fr\\\/\",\"name\":\"Le Fonds d'h\u00e9ritage pour l'environnement\",\"description\":\"\",\"publisher\":{\"@id\":\"https:\\\/\\\/www.legacyfundenvironmental.org\\\/fr\\\/#organization\"},\"potentialAction\":[{\"@type\":\"SearchAction\",\"target\":{\"@type\":\"EntryPoint\",\"urlTemplate\":\"https:\\\/\\\/www.legacyfundenvironmental.org\\\/fr\\\/?s={search_term_string}\"},\"query-input\":{\"@type\":\"PropertyValueSpecification\",\"valueRequired\":true,\"valueName\":\"search_term_string\"}}],\"inLanguage\":\"fr-FR\"},{\"@type\":\"Organization\",\"@id\":\"https:\\\/\\\/www.legacyfundenvironmental.org\\\/fr\\\/#organization\",\"name\":\"Le Fonds d'h\u00e9ritage pour l'environnement\",\"url\":\"https:\\\/\\\/www.legacyfundenvironmental.org\\\/fr\\\/\",\"logo\":{\"@type\":\"ImageObject\",\"inLanguage\":\"fr-FR\",\"@id\":\"https:\\\/\\\/www.legacyfundenvironmental.org\\\/fr\\\/#\\\/schema\\\/logo\\\/image\\\/\",\"url\":\"https:\\\/\\\/www.legacyfundenvironmental.org\\\/wp-content\\\/uploads\\\/2023\\\/03\\\/logo-LFE-2-hor-tagline-9.png\",\"contentUrl\":\"https:\\\/\\\/www.legacyfundenvironmental.org\\\/wp-content\\\/uploads\\\/2023\\\/03\\\/logo-LFE-2-hor-tagline-9.png\",\"width\":\"558\",\"height\":\"696\",\"caption\":\"Le Fonds d'h\u00e9ritage pour l'environnement\"},\"image\":{\"@id\":\"https:\\\/\\\/www.legacyfundenvironmental.org\\\/fr\\\/#\\\/schema\\\/logo\\\/image\\\/\"},\"sameAs\":[\"https:\\\/\\\/www.facebook.com\\\/FHPEnvironnement\\\/\",\"https:\\\/\\\/x.com\\\/Legacyfundenv\",\"https:\\\/\\\/www.linkedin.com\\\/company\\\/legacy-fund-for-the-environment\\\/\",\"https:\\\/\\\/www.instagram.com\\\/legacyfund.enviro\\\/\"]}]}<\/script>\n<!-- \/ Yoast SEO plugin. -->","yoast_head_json":{"title":"Cookies et d\u00e9claration de confidentialit\u00e9 | Fonds d'h\u00e9ritage pour l'environnement","description":"D\u00e9couvrez les pratiques de confidentialit\u00e9 du Fonds d'h\u00e9ritage pour l'environnement. D\u00e9couvrez comment nous prot\u00e9geons vos informations personnelles et garantissons la transparence de notre engagement envers les initiatives environnementales.","robots":{"index":"index","follow":"follow","max-snippet":"max-snippet:-1","max-image-preview":"max-image-preview:large","max-video-preview":"max-video-preview:-1"},"canonical":"https:\/\/www.legacyfundenvironmental.org\/fr\/cookies-et-declaration-de-confidentialite\/","og_locale":"fr_FR","og_type":"article","og_title":"Cookies et d\u00e9claration de confidentialit\u00e9 | Fonds d'h\u00e9ritage pour l'environnement","og_description":"D\u00e9couvrez les pratiques de confidentialit\u00e9 du Fonds d'h\u00e9ritage pour l'environnement. D\u00e9couvrez comment nous prot\u00e9geons vos informations personnelles et garantissons la transparence de notre engagement envers les initiatives environnementales.","og_url":"https:\/\/www.legacyfundenvironmental.org\/fr\/cookies-et-declaration-de-confidentialite\/","og_site_name":"Le Fonds d'h\u00e9ritage pour l'environnement","article_publisher":"https:\/\/www.facebook.com\/FHPEnvironnement\/","og_image":[{"width":1200,"height":605,"url":"https:\/\/www.legacyfundenvironmental.org\/wp-content\/uploads\/2023\/03\/Logo-Legacy-Fund-for-the-Environment_1200px.png","type":"image\/png"}],"twitter_card":"summary_large_image","twitter_site":"@Legacyfundenv","schema":{"@context":"https:\/\/schema.org","@graph":[{"@type":"WebPage","@id":"https:\/\/www.legacyfundenvironmental.org\/fr\/cookies-et-declaration-de-confidentialite\/","url":"https:\/\/www.legacyfundenvironmental.org\/fr\/cookies-et-declaration-de-confidentialite\/","name":"Cookies et d\u00e9claration de confidentialit\u00e9 | Fonds d'h\u00e9ritage pour l'environnement","isPartOf":{"@id":"https:\/\/www.legacyfundenvironmental.org\/fr\/#website"},"datePublished":"2025-01-27T20:38:45+00:00","description":"D\u00e9couvrez les pratiques de confidentialit\u00e9 du Fonds d'h\u00e9ritage pour l'environnement. D\u00e9couvrez comment nous prot\u00e9geons vos informations personnelles et garantissons la transparence de notre engagement envers les initiatives environnementales.","breadcrumb":{"@id":"https:\/\/www.legacyfundenvironmental.org\/fr\/cookies-et-declaration-de-confidentialite\/#breadcrumb"},"inLanguage":"fr-FR","potentialAction":[{"@type":"ReadAction","target":["https:\/\/www.legacyfundenvironmental.org\/fr\/cookies-et-declaration-de-confidentialite\/"]}]},{"@type":"BreadcrumbList","@id":"https:\/\/www.legacyfundenvironmental.org\/fr\/cookies-et-declaration-de-confidentialite\/#breadcrumb","itemListElement":[{"@type":"ListItem","position":1,"name":"Home","item":"https:\/\/www.legacyfundenvironmental.org\/fr\/"},{"@type":"ListItem","position":2,"name":"Cookies et d\u00e9claration de confidentialit\u00e9"}]},{"@type":"WebSite","@id":"https:\/\/www.legacyfundenvironmental.org\/fr\/#website","url":"https:\/\/www.legacyfundenvironmental.org\/fr\/","name":"Le Fonds d'h\u00e9ritage pour l'environnement","description":"","publisher":{"@id":"https:\/\/www.legacyfundenvironmental.org\/fr\/#organization"},"potentialAction":[{"@type":"SearchAction","target":{"@type":"EntryPoint","urlTemplate":"https:\/\/www.legacyfundenvironmental.org\/fr\/?s={search_term_string}"},"query-input":{"@type":"PropertyValueSpecification","valueRequired":true,"valueName":"search_term_string"}}],"inLanguage":"fr-FR"},{"@type":"Organization","@id":"https:\/\/www.legacyfundenvironmental.org\/fr\/#organization","name":"Le Fonds d'h\u00e9ritage pour l'environnement","url":"https:\/\/www.legacyfundenvironmental.org\/fr\/","logo":{"@type":"ImageObject","inLanguage":"fr-FR","@id":"https:\/\/www.legacyfundenvironmental.org\/fr\/#\/schema\/logo\/image\/","url":"https:\/\/www.legacyfundenvironmental.org\/wp-content\/uploads\/2023\/03\/logo-LFE-2-hor-tagline-9.png","contentUrl":"https:\/\/www.legacyfundenvironmental.org\/wp-content\/uploads\/2023\/03\/logo-LFE-2-hor-tagline-9.png","width":"558","height":"696","caption":"Le Fonds d'h\u00e9ritage pour l'environnement"},"image":{"@id":"https:\/\/www.legacyfundenvironmental.org\/fr\/#\/schema\/logo\/image\/"},"sameAs":["https:\/\/www.facebook.com\/FHPEnvironnement\/","https:\/\/x.com\/Legacyfundenv","https:\/\/www.linkedin.com\/company\/legacy-fund-for-the-environment\/","https:\/\/www.instagram.com\/legacyfund.enviro\/"]}]}},"_links":{"self":[{"href":"https:\/\/www.legacyfundenvironmental.org\/fr\/wp-json\/wp\/v2\/pages\/1224","targetHints":{"allow":["GET"]}}],"collection":[{"href":"https:\/\/www.legacyfundenvironmental.org\/fr\/wp-json\/wp\/v2\/pages"}],"about":[{"href":"https:\/\/www.legacyfundenvironmental.org\/fr\/wp-json\/wp\/v2\/types\/page"}],"author":[{"embeddable":true,"href":"https:\/\/www.legacyfundenvironmental.org\/fr\/wp-json\/wp\/v2\/users\/2"}],"replies":[{"embeddable":true,"href":"https:\/\/www.legacyfundenvironmental.org\/fr\/wp-json\/wp\/v2\/comments?post=1224"}],"version-history":[{"count":0,"href":"https:\/\/www.legacyfundenvironmental.org\/fr\/wp-json\/wp\/v2\/pages\/1224\/revisions"}],"wp:attachment":[{"href":"https:\/\/www.legacyfundenvironmental.org\/fr\/wp-json\/wp\/v2\/media?parent=1224"}],"curies":[{"name":"wp","href":"https:\/\/api.w.org\/{rel}","templated":true}]}}